{"id":2446,"date":"2021-02-18T11:03:45","date_gmt":"2021-02-18T16:03:45","guid":{"rendered":"http:\/\/gennexteo.ca\/?page_id=2446"},"modified":"2021-02-24T13:46:19","modified_gmt":"2021-02-24T18:46:19","slug":"bulletin-dinformation","status":"publish","type":"page","link":"https:\/\/gennexteo.ca\/fr\/engagement\/bulletin-dinformation\/","title":{"rendered":"Bulletin d\u2019information"},"content":{"rendered":"\t\t<div data-elementor-type=\"wp-page\" data-elementor-id=\"2446\" class=\"elementor elementor-2446 elementor-2389\" data-elementor-post-type=\"page\">\n\t\t\t\t\t\t\t\t\t<section class=\"elementor-section elementor-top-section elementor-element elementor-element-4507015 elementor-section-boxed elementor-section-height-default elementor-section-height-default\" data-id=\"4507015\" data-element_type=\"section\">\n\t\t\t\t\t\t<div class=\"elementor-container elementor-column-gap-default\">\n\t\t\t\t\t<div class=\"elementor-column elementor-col-100 elementor-top-column elementor-element elementor-element-584dd43\" data-id=\"584dd43\" data-element_type=\"column\">\n\t\t\t<div class=\"elementor-widget-wrap\">\n\t\t\t\t\t\t\t\t\t<\/div>\n\t\t<\/div>\n\t\t\t\t\t\t\t<\/div>\n\t\t<\/section>\n\t\t\t\t<section class=\"elementor-section elementor-top-section elementor-element elementor-element-727609d elementor-section-boxed elementor-section-height-default elementor-section-height-default\" data-id=\"727609d\" data-element_type=\"section\">\n\t\t\t\t\t\t<div class=\"elementor-container elementor-column-gap-default\">\n\t\t\t\t\t<div class=\"elementor-column elementor-col-100 elementor-top-column elementor-element elementor-element-412eefe\" data-id=\"412eefe\" data-element_type=\"column\" data-settings=\"{&quot;background_background&quot;:&quot;classic&quot;}\">\n\t\t\t<div class=\"elementor-widget-wrap elementor-element-populated\">\n\t\t\t\t\t\t\t\t<div class=\"elementor-element elementor-element-5a932ed elementor-widget elementor-widget-image\" data-id=\"5a932ed\" data-element_type=\"widget\" data-widget_type=\"image.default\">\n\t\t\t\t<div class=\"elementor-widget-container\">\n\t\t\t\t\t\t\t\t\t\t\t\t\t\t\t<img loading=\"lazy\" decoding=\"async\" width=\"800\" height=\"253\" src=\"https:\/\/gennexteo.ca\/wp-content\/uploads\/2021\/02\/GNEO-Newsletter-02-1024x324.jpg\" class=\"attachment-large size-large wp-image-3625\" alt=\"Subscribe to our newsletter\" srcset=\"https:\/\/gennexteo.ca\/wp-content\/uploads\/2021\/02\/GNEO-Newsletter-02-1024x324.jpg 1024w, https:\/\/gennexteo.ca\/wp-content\/uploads\/2021\/02\/GNEO-Newsletter-02-300x95.jpg 300w, https:\/\/gennexteo.ca\/wp-content\/uploads\/2021\/02\/GNEO-Newsletter-02-768x243.jpg 768w, https:\/\/gennexteo.ca\/wp-content\/uploads\/2021\/02\/GNEO-Newsletter-02-1536x486.jpg 1536w, https:\/\/gennexteo.ca\/wp-content\/uploads\/2021\/02\/GNEO-Newsletter-02-2048x649.jpg 2048w\" sizes=\"auto, (max-width: 800px) 100vw, 800px\" \/>\t\t\t\t\t\t\t\t\t\t\t\t\t\t\t<\/div>\n\t\t\t\t<\/div>\n\t\t\t\t\t<\/div>\n\t\t<\/div>\n\t\t\t\t\t\t\t<\/div>\n\t\t<\/section>\n\t\t\t\t<section class=\"elementor-section elementor-top-section elementor-element elementor-element-5eab2c65 elementor-section-boxed elementor-section-height-default elementor-section-height-default\" data-id=\"5eab2c65\" data-element_type=\"section\">\n\t\t\t\t\t\t<div class=\"elementor-container elementor-column-gap-default\">\n\t\t\t\t\t<div class=\"elementor-column elementor-col-25 elementor-top-column elementor-element elementor-element-17baa2ef\" data-id=\"17baa2ef\" data-element_type=\"column\">\n\t\t\t<div class=\"elementor-widget-wrap\">\n\t\t\t\t\t\t\t\t\t<\/div>\n\t\t<\/div>\n\t\t\t\t<div class=\"elementor-column elementor-col-50 elementor-top-column elementor-element elementor-element-349433c6\" data-id=\"349433c6\" data-element_type=\"column\">\n\t\t\t<div class=\"elementor-widget-wrap elementor-element-populated\">\n\t\t\t\t\t\t\t\t<div class=\"elementor-element elementor-element-1d48b1b2 elementor-widget elementor-widget-heading\" data-id=\"1d48b1b2\" data-element_type=\"widget\" data-widget_type=\"heading.default\">\n\t\t\t\t<div class=\"elementor-widget-container\">\n\t\t\t<h2 class=\"elementor-heading-title elementor-size-default\">Bulletin d\u2019information<\/h2>\t\t<\/div>\n\t\t\t\t<\/div>\n\t\t\t\t<div class=\"elementor-element elementor-element-2a5349f1 elementor-widget elementor-widget-text-editor\" data-id=\"2a5349f1\" data-element_type=\"widget\" data-widget_type=\"text-editor.default\">\n\t\t\t\t<div class=\"elementor-widget-container\">\n\t\t\t\t\t\t\t<p>Ne ratez rien du tout! Joignez-vous \u00e0 notre liste d\u2019envoi pour recevoir les histoires de gens ici, avec c\u0153ur; des invitations \u00e0 des \u00e9v\u00e9nements; des occasions de b\u00e9n\u00e9volat; des initiatives; et de l\u2019actualit\u00e9 de la part de GenNext de l\u2019Est de l\u2019Ontario! Vous n\u2019avez qu\u2019\u00e0 saisir vos coordonn\u00e9es et \u00e0 cliquer le bouton \u00ab Soumettre \u00bb.<\/p>\t\t\t\t\t\t<\/div>\n\t\t\t\t<\/div>\n\t\t\t\t\t<\/div>\n\t\t<\/div>\n\t\t\t\t<div class=\"elementor-column elementor-col-25 elementor-top-column elementor-element elementor-element-2c504230\" data-id=\"2c504230\" data-element_type=\"column\">\n\t\t\t<div class=\"elementor-widget-wrap\">\n\t\t\t\t\t\t\t\t\t<\/div>\n\t\t<\/div>\n\t\t\t\t\t\t\t<\/div>\n\t\t<\/section>\n\t\t\t\t<section class=\"elementor-section elementor-top-section elementor-element elementor-element-2e5dc1e1 elementor-section-boxed elementor-section-height-default elementor-section-height-default\" data-id=\"2e5dc1e1\" data-element_type=\"section\">\n\t\t\t\t\t\t<div class=\"elementor-container elementor-column-gap-default\">\n\t\t\t\t\t<div class=\"elementor-column elementor-col-33 elementor-top-column elementor-element elementor-element-5a8b45d4\" data-id=\"5a8b45d4\" data-element_type=\"column\">\n\t\t\t<div class=\"elementor-widget-wrap\">\n\t\t\t\t\t\t\t\t\t<\/div>\n\t\t<\/div>\n\t\t\t\t<div class=\"elementor-column elementor-col-33 elementor-top-column elementor-element elementor-element-529074e newsletter-red\" data-id=\"529074e\" data-element_type=\"column\">\n\t\t\t<div class=\"elementor-widget-wrap elementor-element-populated\">\n\t\t\t\t\t\t\t\t<div class=\"elementor-element elementor-element-881e9ce elementor-widget elementor-widget-shortcode\" data-id=\"881e9ce\" data-element_type=\"widget\" data-widget_type=\"shortcode.default\">\n\t\t\t\t<div class=\"elementor-widget-container\">\n\t\t\t\t\t<div class=\"elementor-shortcode\"><script>(function() {\n\twindow.mc4wp = window.mc4wp || {\n\t\tlisteners: [],\n\t\tforms: {\n\t\t\ton: function(evt, cb) {\n\t\t\t\twindow.mc4wp.listeners.push(\n\t\t\t\t\t{\n\t\t\t\t\t\tevent   : evt,\n\t\t\t\t\t\tcallback: cb\n\t\t\t\t\t}\n\t\t\t\t);\n\t\t\t}\n\t\t}\n\t}\n})();\n<\/script><!-- Mailchimp for WordPress v4.12.1 - https:\/\/wordpress.org\/plugins\/mailchimp-for-wp\/ --><form id=\"mc4wp-form-1\" class=\"mc4wp-form mc4wp-form-3238\" method=\"post\" data-id=\"3238\" data-name=\"Newsletter FR\" ><div class=\"mc4wp-form-fields\"><p style=\"display: none !important;\"><label>Language \/ Langue<\/label>\r\n<select name=\"MMERGE3\" required=\"\">\r\n<option value=\"English\">English<\/option>\r\n<option selected=\"selected\" value=\"Fran\u00e7ais\">Fran\u00e7ais<\/option>\r\n<\/select><\/p>\r\n\r\n<div class=\"uweo-mailchimp-wrapper\"><input name=\"FNAME\" required=\"\" type=\"text\" placeholder=\"Pr\u00e9nom\" \/>\r\n<input name=\"LNAME\" required=\"\" type=\"text\" placeholder=\"Nom\" \/>\r\n<input name=\"EMAIL\" required=\"\" type=\"email\" placeholder=\"Courriel\" \/><button class=\"btn btn-success\" type=\"submit\">\r\n<i class=\"fa fa-arrow-right\"><\/i>\r\n<\/button><\/div><\/div><label style=\"display: none !important;\">Leave this field empty if you're human: <input type=\"text\" name=\"_mc4wp_honeypot\" value=\"\" tabindex=\"-1\" autocomplete=\"off\" \/><\/label><input type=\"hidden\" name=\"_mc4wp_timestamp\" value=\"1776833212\" \/><input type=\"hidden\" name=\"_mc4wp_form_id\" value=\"3238\" \/><input type=\"hidden\" name=\"_mc4wp_form_element_id\" value=\"mc4wp-form-1\" \/><div class=\"mc4wp-response\"><\/div><\/form><!-- \/ Mailchimp for WordPress Plugin --><\/div>\n\t\t\t\t<\/div>\n\t\t\t\t<\/div>\n\t\t\t\t\t<\/div>\n\t\t<\/div>\n\t\t\t\t<div class=\"elementor-column elementor-col-33 elementor-top-column elementor-element elementor-element-a80ac15\" data-id=\"a80ac15\" data-element_type=\"column\">\n\t\t\t<div class=\"elementor-widget-wrap\">\n\t\t\t\t\t\t\t\t\t<\/div>\n\t\t<\/div>\n\t\t\t\t\t\t\t<\/div>\n\t\t<\/section>\n\t\t\t\t<section class=\"elementor-section elementor-top-section elementor-element elementor-element-3cd8e6b6 elementor-section-boxed elementor-section-height-default elementor-section-height-default\" data-id=\"3cd8e6b6\" data-element_type=\"section\">\n\t\t\t\t\t\t<div class=\"elementor-container elementor-column-gap-default\">\n\t\t\t\t\t<div class=\"elementor-column elementor-col-100 elementor-top-column elementor-element elementor-element-690150ec\" data-id=\"690150ec\" data-element_type=\"column\">\n\t\t\t<div class=\"elementor-widget-wrap elementor-element-populated\">\n\t\t\t\t\t\t\t\t<div class=\"elementor-element elementor-element-2b90e78b elementor-widget-divider--view-line elementor-widget elementor-widget-divider\" data-id=\"2b90e78b\" data-element_type=\"widget\" id=\"issue\" data-widget_type=\"divider.default\">\n\t\t\t\t<div class=\"elementor-widget-container\">\n\t\t\t\t\t<div class=\"elementor-divider\">\n\t\t\t<span class=\"elementor-divider-separator\">\n\t\t\t\t\t\t<\/span>\n\t\t<\/div>\n\t\t\t\t<\/div>\n\t\t\t\t<\/div>\n\t\t\t\t\t<\/div>\n\t\t<\/div>\n\t\t\t\t\t\t\t<\/div>\n\t\t<\/section>\n\t\t\t\t<section class=\"elementor-section elementor-top-section elementor-element elementor-element-82fe6ac elementor-section-boxed elementor-section-height-default elementor-section-height-default\" data-id=\"82fe6ac\" data-element_type=\"section\">\n\t\t\t\t\t\t<div class=\"elementor-container elementor-column-gap-default\">\n\t\t\t\t\t<div class=\"elementor-column elementor-col-25 elementor-top-column elementor-element elementor-element-778dad5\" data-id=\"778dad5\" data-element_type=\"column\">\n\t\t\t<div class=\"elementor-widget-wrap\">\n\t\t\t\t\t\t\t\t\t<\/div>\n\t\t<\/div>\n\t\t\t\t<div class=\"elementor-column elementor-col-50 elementor-top-column elementor-element elementor-element-3b763c5a\" data-id=\"3b763c5a\" data-element_type=\"column\">\n\t\t\t<div class=\"elementor-widget-wrap elementor-element-populated\">\n\t\t\t\t\t\t\t\t<div class=\"elementor-element elementor-element-a4dd6f0 elementor-widget elementor-widget-heading\" data-id=\"a4dd6f0\" data-element_type=\"widget\" data-widget_type=\"heading.default\">\n\t\t\t\t<div class=\"elementor-widget-container\">\n\t\t\t<h3 class=\"elementor-heading-title elementor-size-default\">Lisez les versions pr\u00e9c\u00e9dentes<\/h3>\t\t<\/div>\n\t\t\t\t<\/div>\n\t\t\t\t<div class=\"elementor-element elementor-element-11e837e8 elementor-widget elementor-widget-html\" data-id=\"11e837e8\" data-element_type=\"widget\" data-widget_type=\"html.default\">\n\t\t\t\t<div class=\"elementor-widget-container\">\n\t\t\t<style type=\"text\/css\">\r\n<\/style>\r\n<script language=\"javascript\" src=\"\/\/unitedwayeo.us1.list-manage.com\/generate-js\/?u=9593251547d3441fdd2a2a3e2&fid=33621&show=10\" type=\"text\/javascript\"><\/script>\t\t<\/div>\n\t\t\t\t<\/div>\n\t\t\t\t\t<\/div>\n\t\t<\/div>\n\t\t\t\t<div class=\"elementor-column elementor-col-25 elementor-top-column elementor-element elementor-element-3c421754\" data-id=\"3c421754\" data-element_type=\"column\">\n\t\t\t<div class=\"elementor-widget-wrap\">\n\t\t\t\t\t\t\t\t\t<\/div>\n\t\t<\/div>\n\t\t\t\t\t\t\t<\/div>\n\t\t<\/section>\n\t\t\t\t\t\t\t<\/div>\n\t\t","protected":false},"excerpt":{"rendered":"<p>Bulletin d\u2019information Ne ratez rien du tout! Joignez-vous \u00e0 notre liste d\u2019envoi pour recevoir les histoires de gens ici, avec c\u0153ur; des invitations \u00e0 des \u00e9v\u00e9nements; des occasions de b\u00e9n\u00e9volat; des initiatives; et de l\u2019actualit\u00e9 de la part de GenNext de l\u2019Est de l\u2019Ontario! Vous n\u2019avez qu\u2019\u00e0 saisir vos coordonn\u00e9es et \u00e0 cliquer le bouton [&hellip;]<\/p>\n","protected":false},"author":6,"featured_media":0,"parent":2440,"menu_order":0,"comment_status":"closed","ping_status":"closed","template":"","meta":{"_monsterinsights_skip_tracking":false,"_monsterinsights_sitenote_active":false,"_monsterinsights_sitenote_note":"","_monsterinsights_sitenote_category":0,"footnotes":""},"tags":[],"class_list":["post-2446","page","type-page","status-publish","hentry"],"acf":[],"aioseo_notices":[],"_links":{"self":[{"href":"https:\/\/gennexteo.ca\/fr\/wp-json\/wp\/v2\/pages\/2446","targetHints":{"allow":["GET"]}}],"collection":[{"href":"https:\/\/gennexteo.ca\/fr\/wp-json\/wp\/v2\/pages"}],"about":[{"href":"https:\/\/gennexteo.ca\/fr\/wp-json\/wp\/v2\/types\/page"}],"author":[{"embeddable":true,"href":"https:\/\/gennexteo.ca\/fr\/wp-json\/wp\/v2\/users\/6"}],"replies":[{"embeddable":true,"href":"https:\/\/gennexteo.ca\/fr\/wp-json\/wp\/v2\/comments?post=2446"}],"version-history":[{"count":20,"href":"https:\/\/gennexteo.ca\/fr\/wp-json\/wp\/v2\/pages\/2446\/revisions"}],"predecessor-version":[{"id":3638,"href":"https:\/\/gennexteo.ca\/fr\/wp-json\/wp\/v2\/pages\/2446\/revisions\/3638"}],"up":[{"embeddable":true,"href":"https:\/\/gennexteo.ca\/fr\/wp-json\/wp\/v2\/pages\/2440"}],"wp:attachment":[{"href":"https:\/\/gennexteo.ca\/fr\/wp-json\/wp\/v2\/media?parent=2446"}],"wp:term":[{"taxonomy":"post_tag","embeddable":true,"href":"https:\/\/gennexteo.ca\/fr\/wp-json\/wp\/v2\/tags?post=2446"}],"curies":[{"name":"wp","href":"https:\/\/api.w.org\/{rel}","templated":true}]}}