{"id":2821,"date":"2021-02-21T12:20:27","date_gmt":"2021-02-21T17:20:27","guid":{"rendered":"http:\/\/gennexteo.ca\/?page_id=2821"},"modified":"2021-02-24T11:52:44","modified_gmt":"2021-02-24T16:52:44","slug":"merci","status":"publish","type":"page","link":"https:\/\/gennexteo.ca\/fr\/don\/merci\/","title":{"rendered":"Merci"},"content":{"rendered":"\t\t<div data-elementor-type=\"wp-page\" data-elementor-id=\"2821\" class=\"elementor elementor-2821 elementor-2240\" data-elementor-post-type=\"page\">\n\t\t\t\t\t\t\t\t\t<section class=\"elementor-section elementor-top-section elementor-element elementor-element-a1c8e59 elementor-section-boxed elementor-section-height-default elementor-section-height-default\" data-id=\"a1c8e59\" data-element_type=\"section\" data-settings=\"{&quot;background_background&quot;:&quot;classic&quot;}\">\n\t\t\t\t\t\t<div class=\"elementor-container elementor-column-gap-default\">\n\t\t\t\t\t<div class=\"elementor-column elementor-col-100 elementor-top-column elementor-element elementor-element-66e7312\" data-id=\"66e7312\" data-element_type=\"column\">\n\t\t\t<div class=\"elementor-widget-wrap elementor-element-populated\">\n\t\t\t\t\t\t\t\t<div class=\"elementor-element elementor-element-958188a elementor-invisible elementor-widget elementor-widget-heading\" data-id=\"958188a\" data-element_type=\"widget\" data-settings=\"{&quot;_animation&quot;:&quot;fadeIn&quot;}\" data-widget_type=\"heading.default\">\n\t\t\t\t<div class=\"elementor-widget-container\">\n\t\t\t<h1 class=\"elementor-heading-title elementor-size-default\">Merci<\/h1>\t\t<\/div>\n\t\t\t\t<\/div>\n\t\t\t\t\t<\/div>\n\t\t<\/div>\n\t\t\t\t\t\t\t<\/div>\n\t\t<\/section>\n\t\t\t\t<section class=\"elementor-section elementor-top-section elementor-element elementor-element-c8e94a7 elementor-section-boxed elementor-section-height-default elementor-section-height-default elementor-invisible\" data-id=\"c8e94a7\" data-element_type=\"section\" data-settings=\"{&quot;animation&quot;:&quot;fadeIn&quot;,&quot;animation_delay&quot;:300}\">\n\t\t\t\t\t\t<div class=\"elementor-container elementor-column-gap-default\">\n\t\t\t\t\t<div class=\"elementor-column elementor-col-100 elementor-top-column elementor-element elementor-element-094c414\" data-id=\"094c414\" data-element_type=\"column\">\n\t\t\t<div class=\"elementor-widget-wrap elementor-element-populated\">\n\t\t\t\t\t\t\t\t<div class=\"elementor-element elementor-element-b35a3ee elementor-widget elementor-widget-heading\" data-id=\"b35a3ee\" data-element_type=\"widget\" data-widget_type=\"heading.default\">\n\t\t\t\t<div class=\"elementor-widget-container\">\n\t\t\t<h2 class=\"elementor-heading-title elementor-size-default\">Votre don est entre bonnes mains!\n<\/h2>\t\t<\/div>\n\t\t\t\t<\/div>\n\t\t\t\t<div class=\"elementor-element elementor-element-903b385 elementor-widget elementor-widget-heading\" data-id=\"903b385\" data-element_type=\"widget\" data-widget_type=\"heading.default\">\n\t\t\t\t<div class=\"elementor-widget-container\">\n\t\t\t<h2 class=\"elementor-heading-title elementor-size-default\">Merci de croire en nos communaut\u00e9s compatissantes qui adresseront les enjeux locaux les plus importants. Sachez que votre don am\u00e9liorera les conditions de vie dans votre communaut\u00e9. <strong>Nous appr\u00e9cions votre soutien.<\/strong><\/h2>\t\t<\/div>\n\t\t\t\t<\/div>\n\t\t\t\t<div class=\"elementor-element elementor-element-d74bcc6 elementor-widget elementor-widget-heading\" data-id=\"d74bcc6\" data-element_type=\"widget\" data-widget_type=\"heading.default\">\n\t\t\t\t<div class=\"elementor-widget-container\">\n\t\t\t<h2 class=\"elementor-heading-title elementor-size-default\">Avant de partir...<\/h2>\t\t<\/div>\n\t\t\t\t<\/div>\n\t\t\t\t<div class=\"elementor-element elementor-element-9aa94eb elementor-icon-list--layout-traditional elementor-list-item-link-full_width elementor-widget elementor-widget-icon-list\" data-id=\"9aa94eb\" data-element_type=\"widget\" data-widget_type=\"icon-list.default\">\n\t\t\t\t<div class=\"elementor-widget-container\">\n\t\t\t\t\t<ul class=\"elementor-icon-list-items\">\n\t\t\t\t\t\t\t<li class=\"elementor-icon-list-item\">\n\t\t\t\t\t\t\t\t\t\t\t<span class=\"elementor-icon-list-icon\">\n\t\t\t\t\t\t\t<i aria-hidden=\"true\" class=\"fas fa-mail-bulk\"><\/i>\t\t\t\t\t\t<\/span>\n\t\t\t\t\t\t\t\t\t\t<span class=\"elementor-icon-list-text\">Assurez-vous de consulter votre bo\u00eete de r\u00e9ception pour y trouver votre courriel de confirmation et votre re\u00e7u officiel. Rappelez-vous de transf\u00e9rer le courriel dans votre onglet principal ou d\u2019ajouter notre courriel \u00e0 votre liste d\u2019exp\u00e9diteurs approuv\u00e9s pour ne pas manquer les mises \u00e0 jour de GenNext de l\u2019Est de l\u2019Ontario.<\/span>\n\t\t\t\t\t\t\t\t\t<\/li>\n\t\t\t\t\t\t\t\t<li class=\"elementor-icon-list-item\">\n\t\t\t\t\t\t\t\t\t\t\t<span class=\"elementor-icon-list-icon\">\n\t\t\t\t\t\t\t<i aria-hidden=\"true\" class=\"fas fa-kiss-wink-heart\"><\/i>\t\t\t\t\t\t<\/span>\n\t\t\t\t\t\t\t\t\t\t<span class=\"elementor-icon-list-text\">Si vous ne l\u2019avez pas d\u00e9j\u00e0 fait, suivez-nous sur <a href=\"http:\/\/www.facebook.com\/GenNextEastON\" target=\"_blank\">Facebook<\/a>, <a href=\"http:\/\/www.twitter.com\/GenNextEastON\" target=\"_blank\">Twitter<\/a> et <a href=\"http:\/\/www.instagram.com\/GenNextEastON\" target=\"_blank\">Instagram<\/a> au moyen du pseudo <strong>@GenNextEastON<\/strong> Notre fil n\u2019est peut-\u00eatre pas aussi int\u00e9ressant que celui de votre chien, mais il est s\u00fbrement beaucoup plus amusant que celui de votre m\u00e8re!<\/span>\n\t\t\t\t\t\t\t\t\t<\/li>\n\t\t\t\t\t\t\t\t<li class=\"elementor-icon-list-item\">\n\t\t\t\t\t\t\t\t\t\t\t<span class=\"elementor-icon-list-icon\">\n\t\t\t\t\t\t\t<i aria-hidden=\"true\" class=\"fas fa-hand-peace\"><\/i>\t\t\t\t\t\t<\/span>\n\t\t\t\t\t\t\t\t\t\t<span class=\"elementor-icon-list-text\">N\u2019oubliez pas d\u2019\u00eatre modeste et de penser \u00e0 vous et aux autres!<\/span>\n\t\t\t\t\t\t\t\t\t<\/li>\n\t\t\t\t\t\t<\/ul>\n\t\t\t\t<\/div>\n\t\t\t\t<\/div>\n\t\t\t\t<div class=\"elementor-element elementor-element-a490af4 arrow-right elementor-widget elementor-widget-text-editor\" data-id=\"a490af4\" data-element_type=\"widget\" data-widget_type=\"text-editor.default\">\n\t\t\t\t<div class=\"elementor-widget-container\">\n\t\t\t\t\t\t\t<p><a href=\"https:\/fr\">Retour \u00e0 la page d\u2019accueil<\/a><\/p>\t\t\t\t\t\t<\/div>\n\t\t\t\t<\/div>\n\t\t\t\t\t<\/div>\n\t\t<\/div>\n\t\t\t\t\t\t\t<\/div>\n\t\t<\/section>\n\t\t\t\t<section class=\"elementor-section elementor-top-section elementor-element elementor-element-0b8f251 elementor-section-stretched elementor-section-boxed elementor-section-height-default elementor-section-height-default\" data-id=\"0b8f251\" data-element_type=\"section\" data-settings=\"{&quot;stretch_section&quot;:&quot;section-stretched&quot;,&quot;background_background&quot;:&quot;classic&quot;}\">\n\t\t\t\t\t\t<div class=\"elementor-container elementor-column-gap-default\">\n\t\t\t\t\t<div class=\"elementor-column elementor-col-50 elementor-top-column elementor-element elementor-element-655085e\" data-id=\"655085e\" data-element_type=\"column\" data-settings=\"{&quot;background_background&quot;:&quot;classic&quot;}\">\n\t\t\t<div class=\"elementor-widget-wrap elementor-element-populated\">\n\t\t\t\t\t\t\t\t<div class=\"elementor-element elementor-element-85352bd elementor-widget elementor-widget-heading\" data-id=\"85352bd\" data-element_type=\"widget\" data-widget_type=\"heading.default\">\n\t\t\t\t<div class=\"elementor-widget-container\">\n\t\t\t<h1 class=\"elementor-heading-title elementor-size-default\">\u00c9v\u00e9nements \u00e0 venir<\/h1>\t\t<\/div>\n\t\t\t\t<\/div>\n\t\t\t\t<div class=\"elementor-element elementor-element-5c51f29 elementor-grid-1 elementor-grid-tablet-1 elementor-grid-mobile-1 elementor-posts--thumbnail-top elementor-widget elementor-widget-posts\" data-id=\"5c51f29\" data-element_type=\"widget\" data-settings=\"{&quot;classic_columns&quot;:&quot;1&quot;,&quot;classic_columns_tablet&quot;:&quot;1&quot;,&quot;classic_columns_mobile&quot;:&quot;1&quot;,&quot;classic_row_gap&quot;:{&quot;unit&quot;:&quot;px&quot;,&quot;size&quot;:35,&quot;sizes&quot;:[]},&quot;classic_row_gap_tablet&quot;:{&quot;unit&quot;:&quot;px&quot;,&quot;size&quot;:&quot;&quot;,&quot;sizes&quot;:[]},&quot;classic_row_gap_mobile&quot;:{&quot;unit&quot;:&quot;px&quot;,&quot;size&quot;:&quot;&quot;,&quot;sizes&quot;:[]}}\" data-widget_type=\"posts.classic\">\n\t\t\t\t<div class=\"elementor-widget-container\">\n\t\t\t\t\t<div class=\"elementor-posts-container elementor-posts elementor-posts--skin-classic elementor-grid\">\n\t\t\t\t<article class=\"elementor-post elementor-grid-item post-4216 events type-events status-publish format-standard has-post-thumbnail hentry\">\n\t\t\t\t<a class=\"elementor-post__thumbnail__link\" href=\"https:\/\/gennexteo.ca\/fr\/evenements\/nous-faconnons-notre-prochain-evenement\/\" tabindex=\"-1\" >\n\t\t\t<div class=\"elementor-post__thumbnail\"><img loading=\"lazy\" decoding=\"async\" width=\"300\" height=\"188\" src=\"https:\/\/gennexteo.ca\/wp-content\/uploads\/2021\/06\/gneo-eventthumb-fr-2.gif\" class=\"attachment-medium size-medium wp-image-4227\" alt=\"\" \/><\/div>\n\t\t<\/a>\n\t\t\t\t<div class=\"elementor-post__text\">\n\t\t\t\t<h3 class=\"elementor-post__title\">\n\t\t\t<a href=\"https:\/\/gennexteo.ca\/fr\/evenements\/nous-faconnons-notre-prochain-evenement\/\" >\n\t\t\t\tNous fa\u00e7onnons notre prochain \u00e9v\u00e9nement\t\t\t<\/a>\n\t\t<\/h3>\n\t\t\t\t<div class=\"elementor-post__meta-data\">\n\t\t\t\t\t<span class=\"elementor-post-date\">\n\t\t\tao\u00fbt 18, 2022\t\t<\/span>\n\t\t\t\t<\/div>\n\t\t\t\t<div class=\"elementor-post__excerpt\">\n\t\t\t<p>Demeurez \u00e0 l\u2019aff\u00fbt! Nous pr\u00e9voyons un autre \u00e9v\u00e9nement GenNext m\u00e9morable. Entre temps, pourquoi ne pas regarder certaines vid\u00e9os de nos \u00e9v\u00e9nements signatures et virtuels pass\u00e9s.<\/p>\n\t\t<\/div>\n\t\t\t\t<\/div>\n\t\t\t\t<\/article>\n\t\t\t\t<\/div>\n\t\t\n\t\t\t\t<\/div>\n\t\t\t\t<\/div>\n\t\t\t\t\t<\/div>\n\t\t<\/div>\n\t\t\t\t<div class=\"elementor-column elementor-col-50 elementor-top-column elementor-element elementor-element-e95b80d\" data-id=\"e95b80d\" data-element_type=\"column\" data-settings=\"{&quot;background_background&quot;:&quot;classic&quot;}\">\n\t\t\t<div class=\"elementor-widget-wrap elementor-element-populated\">\n\t\t\t\t\t\t\t\t<div class=\"elementor-element elementor-element-edeec06 elementor-widget elementor-widget-heading\" data-id=\"edeec06\" data-element_type=\"widget\" data-widget_type=\"heading.default\">\n\t\t\t\t<div class=\"elementor-widget-container\">\n\t\t\t<h1 class=\"elementor-heading-title elementor-size-default\">Actualit\u00e9 et histoires<\/h1>\t\t<\/div>\n\t\t\t\t<\/div>\n\t\t\t\t<div class=\"elementor-element elementor-element-0d233cc elementor-grid-1 elementor-grid-tablet-1 elementor-grid-mobile-1 elementor-posts--thumbnail-top elementor-widget elementor-widget-posts\" data-id=\"0d233cc\" data-element_type=\"widget\" data-settings=\"{&quot;classic_columns&quot;:&quot;1&quot;,&quot;classic_columns_tablet&quot;:&quot;1&quot;,&quot;classic_columns_mobile&quot;:&quot;1&quot;,&quot;classic_row_gap&quot;:{&quot;unit&quot;:&quot;px&quot;,&quot;size&quot;:35,&quot;sizes&quot;:[]},&quot;classic_row_gap_tablet&quot;:{&quot;unit&quot;:&quot;px&quot;,&quot;size&quot;:&quot;&quot;,&quot;sizes&quot;:[]},&quot;classic_row_gap_mobile&quot;:{&quot;unit&quot;:&quot;px&quot;,&quot;size&quot;:&quot;&quot;,&quot;sizes&quot;:[]}}\" data-widget_type=\"posts.classic\">\n\t\t\t\t<div class=\"elementor-widget-container\">\n\t\t\t\t\t<div class=\"elementor-posts-container elementor-posts elementor-posts--skin-classic elementor-grid\">\n\t\t\t\t<article class=\"elementor-post elementor-grid-item post-16950 news type-news status-publish format-standard has-post-thumbnail hentry tag-evenements tag-events\">\n\t\t\t\t<a class=\"elementor-post__thumbnail__link\" href=\"https:\/\/gennexteo.ca\/fr\/nouvelles-et-histoires\/se-preparer-pour-la-batl-comment-atteindre-son-objectif-de-collecte-de-fonds\/\" tabindex=\"-1\" >\n\t\t\t<div class=\"elementor-post__thumbnail\"><img loading=\"lazy\" decoding=\"async\" width=\"300\" height=\"186\" src=\"https:\/\/gennexteo.ca\/wp-content\/uploads\/2024\/01\/UWEO-Blog-Thumb-FR-300x186.png\" class=\"attachment-medium size-medium wp-image-16815\" alt=\"Trousse de collecte de fonds\" srcset=\"https:\/\/gennexteo.ca\/wp-content\/uploads\/2024\/01\/UWEO-Blog-Thumb-FR-300x186.png 300w, https:\/\/gennexteo.ca\/wp-content\/uploads\/2024\/01\/UWEO-Blog-Thumb-FR-768x477.png 768w, https:\/\/gennexteo.ca\/wp-content\/uploads\/2024\/01\/UWEO-Blog-Thumb-FR-580x360.png 580w, https:\/\/gennexteo.ca\/wp-content\/uploads\/2024\/01\/UWEO-Blog-Thumb-FR.png 784w\" sizes=\"auto, (max-width: 300px) 100vw, 300px\" \/><\/div>\n\t\t<\/a>\n\t\t\t\t<div class=\"elementor-post__text\">\n\t\t\t\t<h3 class=\"elementor-post__title\">\n\t\t\t<a href=\"https:\/\/gennexteo.ca\/fr\/nouvelles-et-histoires\/se-preparer-pour-la-batl-comment-atteindre-son-objectif-de-collecte-de-fonds\/\" >\n\t\t\t\tSe pr\u00e9parer pour la BATL : Comment atteindre son objectif de collecte de fonds\t\t\t<\/a>\n\t\t<\/h3>\n\t\t\t\t<div class=\"elementor-post__meta-data\">\n\t\t\t\t\t<span class=\"elementor-post-date\">\n\t\t\tjanvier 16, 2025\t\t<\/span>\n\t\t\t\t<\/div>\n\t\t\t\t<div class=\"elementor-post__excerpt\">\n\t\t\t<p>Cette trousse comprend tout ce dont vous aurez besoin \u2013 en passant par des exemples de courriels aux messages pour m\u00e9dias sociaux \u2013 pour vous aider \u00e0 atteindre votre objectif de collecte de fonds BATL pour la sant\u00e9 mentale.  <\/p>\n\t\t<\/div>\n\t\t\t\t<\/div>\n\t\t\t\t<\/article>\n\t\t\t\t<\/div>\n\t\t\n\t\t\t\t<\/div>\n\t\t\t\t<\/div>\n\t\t\t\t\t<\/div>\n\t\t<\/div>\n\t\t\t\t\t\t\t<\/div>\n\t\t<\/section>\n\t\t\t\t\t\t\t<\/div>\n\t\t","protected":false},"excerpt":{"rendered":"<p>Merci Votre don est entre bonnes mains! Merci de croire en nos communaut\u00e9s compatissantes qui adresseront les enjeux locaux les plus importants. Sachez que votre don am\u00e9liorera les conditions de vie dans votre communaut\u00e9. Nous appr\u00e9cions votre soutien. Avant de partir&#8230; Assurez-vous de consulter votre bo\u00eete de r\u00e9ception pour y trouver votre courriel de confirmation [&hellip;]<\/p>\n","protected":false},"author":6,"featured_media":0,"parent":2808,"menu_order":0,"comment_status":"closed","ping_status":"closed","template":"","meta":{"_monsterinsights_skip_tracking":false,"_monsterinsights_sitenote_active":false,"_monsterinsights_sitenote_note":"","_monsterinsights_sitenote_category":0,"footnotes":""},"tags":[],"class_list":["post-2821","page","type-page","status-publish","hentry"],"acf":[],"aioseo_notices":[],"_links":{"self":[{"href":"https:\/\/gennexteo.ca\/fr\/wp-json\/wp\/v2\/pages\/2821","targetHints":{"allow":["GET"]}}],"collection":[{"href":"https:\/\/gennexteo.ca\/fr\/wp-json\/wp\/v2\/pages"}],"about":[{"href":"https:\/\/gennexteo.ca\/fr\/wp-json\/wp\/v2\/types\/page"}],"author":[{"embeddable":true,"href":"https:\/\/gennexteo.ca\/fr\/wp-json\/wp\/v2\/users\/6"}],"replies":[{"embeddable":true,"href":"https:\/\/gennexteo.ca\/fr\/wp-json\/wp\/v2\/comments?post=2821"}],"version-history":[{"count":14,"href":"https:\/\/gennexteo.ca\/fr\/wp-json\/wp\/v2\/pages\/2821\/revisions"}],"predecessor-version":[{"id":3557,"href":"https:\/\/gennexteo.ca\/fr\/wp-json\/wp\/v2\/pages\/2821\/revisions\/3557"}],"up":[{"embeddable":true,"href":"https:\/\/gennexteo.ca\/fr\/wp-json\/wp\/v2\/pages\/2808"}],"wp:attachment":[{"href":"https:\/\/gennexteo.ca\/fr\/wp-json\/wp\/v2\/media?parent=2821"}],"wp:term":[{"taxonomy":"post_tag","embeddable":true,"href":"https:\/\/gennexteo.ca\/fr\/wp-json\/wp\/v2\/tags?post=2821"}],"curies":[{"name":"wp","href":"https:\/\/api.w.org\/{rel}","templated":true}]}}